{"id":17321,"date":"2025-06-27T09:13:51","date_gmt":"2025-06-27T06:13:51","guid":{"rendered":"https:\/\/pohjolanmatka.fi\/saavutettavuusseloste\/"},"modified":"2026-03-04T10:12:20","modified_gmt":"2026-03-04T08:12:20","slug":"accessibility-statement","status":"publish","type":"page","link":"https:\/\/pohjolanmatka.fi\/en\/accessibility-statement\/","title":{"rendered":"Accessibility Statement"},"content":{"rendered":"<div class=\"block-header alignfull\"><div class=\"block-header__content\"><h1>Saavutettavuusseloste<\/h1><\/div><\/div>\n\n\n<p>T\u00e4m\u00e4 on pohjolanmatka.fi-palvelun saavutettavuusseloste, joka on luotu 26.6.2025 ja p\u00e4ivitetty viimeksi 27.6.2025.<\/p>\n\n\n\n<p>Pyrimme takaamaan palvelun saavutettavuuden digitaalisten palvelujen tarjoamisesta annetun lain (306\/2019) mukaisesti. Mahdollisia saavutettavuuspuutteita pyrimme korjaamaan jatkuvasti, ja t\u00e4t\u00e4 selostetta p\u00e4ivitet\u00e4\u00e4n s\u00e4\u00e4nn\u00f6llisesti korjausten edetess\u00e4.<\/p>\n\n\n\n<p>Palvelun saavutettavuus perustuu omaan ja ulkopuolisen asiantuntijaorganisaation arvioon. Arvioinnin viitekehyksen\u00e4 on WCAG 2.2 -ohjeiston A-taso.<\/p>\n\n\n\n<h2 class=\"wp-block-heading\">Saavutettavuuden tila<\/h2>\n\n\n\n<p>Palvelu ei ole viel\u00e4 kaikilta osin saavutettavuusvaatimusten mukainen.<\/p>\n\n\n\n<h2 class=\"wp-block-heading\">Ei-saavutettava sis\u00e4lt\u00f6<\/h2>\n\n\n\n<h3 class=\"wp-block-heading\">Havaittava<\/h3>\n\n\n\n<p><strong>(1.3.1) J\u00e4rjestettyjen listojen virheellinen HTML-rakenne<\/strong><\/p>\n\n\n\n<p>Osassa j\u00e4rjestetyist\u00e4 listoista on virheellinen HTML-rakenne, mik\u00e4 vaikeuttaa sis\u00e4ll\u00f6n hahmottamista ruudunlukijalla.<\/p>\n\n\n\n<p><strong>(1.4.3) Painikkeiden ja linkkien riitt\u00e4m\u00e4t\u00f6n kontrasti<\/strong><\/p>\n\n\n\n<p>Joissakin painikkeissa ja linkeiss\u00e4 teksti ei erotu taustasta tarpeeksi selv\u00e4sti riitt\u00e4m\u00e4tt\u00f6m\u00e4n kontrastin vuoksi.<\/p>\n\n\n\n<h3 class=\"wp-block-heading\">Hallittava<\/h3>\n\n\n\n<p><strong>(2.1.1) Piilotettu sis\u00e4lt\u00f6 ei ole k\u00e4ytett\u00e4viss\u00e4 n\u00e4pp\u00e4imist\u00f6ll\u00e4<\/strong><\/p>\n\n\n\n<p>Osa piilotetusta sis\u00e4ll\u00f6st\u00e4 ei ole avattavissa tai k\u00e4ytett\u00e4viss\u00e4 pelk\u00e4ll\u00e4 n\u00e4pp\u00e4imist\u00f6ll\u00e4, mik\u00e4 est\u00e4\u00e4 palvelun t\u00e4ysim\u00e4\u00e4r\u00e4isen k\u00e4yt\u00f6n ilman hiirt\u00e4.<\/p>\n\n\n\n<p><strong>(2.4.3) N\u00e4pp\u00e4imist\u00f6kohdistuksen j\u00e4rjestys ei vastaa visuaalista j\u00e4rjestyst\u00e4<\/strong><\/p>\n\n\n\n<p>Osassa elementeist\u00e4 visuaalinen j\u00e4rjestys ei vastaa n\u00e4pp\u00e4imist\u00f6kohdistuksen etenemisj\u00e4rjestyst\u00e4, mik\u00e4 vaikeuttaa palvelun k\u00e4ytt\u00f6\u00e4 n\u00e4pp\u00e4imist\u00f6ll\u00e4.<\/p>\n\n\n\n<p><strong>(2.4.7) Painikkeiden puuttuva n\u00e4kyv\u00e4 n\u00e4pp\u00e4imist\u00f6kohdistus<\/strong><\/p>\n\n\n\n<p>Kaikissa painikkeissa ei ole n\u00e4kyv\u00e4\u00e4 n\u00e4pp\u00e4imist\u00f6kohdistusta, mik\u00e4 vaikeuttaa palvelun k\u00e4ytt\u00f6\u00e4 n\u00e4pp\u00e4imist\u00f6ll\u00e4.<\/p>\n\n\n\n<h3 class=\"wp-block-heading\">Ymm\u00e4rrett\u00e4v\u00e4<\/h3>\n\n\n\n<p><strong>(3.2.5) Linkki avautuu uuteen ikkunaan ilman ilmoitusta<\/strong><\/p>\n\n\n\n<p>Osa linkeist\u00e4 avautuu uuteen ikkunaan ilman, ett\u00e4 siit\u00e4 ilmoitetaan k\u00e4ytt\u00e4j\u00e4lle etuk\u00e4teen.<\/p>\n\n\n\n<h3 class=\"wp-block-heading\">Toimintavarma<\/h3>\n\n\n\n<p><strong>(4.1.2) Tyhj\u00e4t linkit<\/strong><\/p>\n\n\n\n<p>Osassa linkeist\u00e4 ei ole n\u00e4kyv\u00e4\u00e4 tai ohjelmallisesti m\u00e4\u00e4ritelty\u00e4 linkkiteksti\u00e4, mik\u00e4 vaikeuttaa linkin tarkoituksen ymm\u00e4rt\u00e4mist\u00e4 apuv\u00e4lineill\u00e4.<\/p>\n\n\n\n<p><strong>(4.1.2) Puuttuvat nimilaput<\/strong><\/p>\n\n\n\n<p>Joistakin lomakekentist\u00e4 puuttuu n\u00e4kyv\u00e4 tai ohjelmallinen nimilappu, jolloin ruudunlukijat eiv\u00e4t voi kertoa k\u00e4ytt\u00e4j\u00e4lle, mit\u00e4 tietoa kentt\u00e4\u00e4n tulee sy\u00f6tt\u00e4\u00e4.<\/p>\n\n\n\n<h2 class=\"wp-block-heading\">Huomasitko saavutettavuuspuutteen?<\/h2>\n\n\n\n<p>Jos huomaat sivustolla saavutettavuuspuutteita, anna ensin palautetta meille sivuston yll\u00e4pitoon (<a href=\"mailto:info@pohjolanmatka.fi\">info@pohjolanmatka.fi<\/a>). Vastauksessa voi menn\u00e4 14 p\u00e4iv\u00e4\u00e4. Jos et ole tyytyv\u00e4inen saamaasi vastaukseen tai et saa vastausta lainkaan kahden viikon aikana, voit tehd\u00e4 ilmoituksen <a href=\"https:\/\/www.saavutettavuusvaatimukset.fi\/fi\/kayttajan-oikeudet\/tee-saavutettavuuskantelu-tai-pyyda-selvitysta\">Liikenne- ja viestint\u00e4virasto Traficomille<\/a>.<\/p>\n\n\n\n<h3 class=\"wp-block-heading\">Valvontaviranomaisen yhteystiedot<\/h3>\n\n\n\n<p>Liikenne- ja viestint\u00e4virasto Traficom<br>Digitaalisen esteett\u00f6myyden ja saavutettavuuden valvonta PL 320<br>00059 TRAFICOM<br><a href=\"https:\/\/www.saavutettavuusvaatimukset.fi\/fi\">www.saavutettavuusvaatimukset.fi<\/a><br><a href=\"mailto:saavutettavuus@traficom.fi\">saavutettavuus@traficom.fi<\/a><br>Puhelinnumero vaihde: <a href=\"tel:+358295345000\">029 534 5000<\/a><\/p>\n","protected":false},"excerpt":{"rendered":"<p>T\u00e4m\u00e4 on pohjolanmatka.fi-palvelun saavutettavuusseloste, joka on luotu 26.6.2025 ja p\u00e4ivitetty&#8230;<\/p>\n","protected":false},"author":43,"featured_media":0,"parent":0,"menu_order":0,"comment_status":"closed","ping_status":"closed","template":"","meta":{"_acf_changed":false,"pgc_sgb_lightbox_settings":"","footnotes":""},"class_list":["post-17321","page","type-page","status-publish","hentry"],"acf":[],"yoast_head":"<!-- This site is optimized with the Yoast SEO plugin v27.1.1 - https:\/\/yoast.com\/product\/yoast-seo-wordpress\/ -->\n<title>Accessibility Statement - Pohjolan Matka<\/title>\n<meta name=\"description\" content=\"T\u00e4m\u00e4 on pohjolanmatka.fi-palvelun saavutettavuusseloste, joka on luotu 26.6.2025 ja p\u00e4ivitetty viimeksi 27.6.2025. Pyrimme takaamaan palvelun\" \/>\n<meta name=\"robots\" content=\"index, follow, max-snippet:-1, max-image-preview:large, max-video-preview:-1\" \/>\n<link rel=\"canonical\" href=\"https:\/\/pohjolanmatka.fi\/en\/accessibility-statement\/\" \/>\n<meta property=\"og:locale\" content=\"en_US\" \/>\n<meta property=\"og:type\" content=\"article\" \/>\n<meta property=\"og:title\" content=\"Accessibility Statement - Pohjolan Matka\" \/>\n<meta property=\"og:description\" content=\"T\u00e4m\u00e4 on pohjolanmatka.fi-palvelun saavutettavuusseloste, joka on luotu 26.6.2025 ja p\u00e4ivitetty viimeksi 27.6.2025. Pyrimme takaamaan palvelun\" \/>\n<meta property=\"og:url\" content=\"https:\/\/pohjolanmatka.fi\/en\/accessibility-statement\/\" \/>\n<meta property=\"og:site_name\" content=\"Pohjolan Matka\" \/>\n<meta property=\"article:modified_time\" content=\"2026-03-04T08:12:20+00:00\" \/>\n<meta property=\"og:image\" content=\"https:\/\/pohjolanmatka.fi\/wp-content\/uploads\/2025\/12\/pohjolan-matka-site-image.png\" \/>\n\t<meta property=\"og:image:width\" content=\"1200\" \/>\n\t<meta property=\"og:image:height\" content=\"675\" \/>\n\t<meta property=\"og:image:type\" content=\"image\/png\" \/>\n<meta name=\"twitter:card\" content=\"summary_large_image\" \/>\n<script type=\"application\/ld+json\" class=\"yoast-schema-graph\">{\"@context\":\"https:\/\/schema.org\",\"@graph\":[{\"@type\":\"WebPage\",\"@id\":\"https:\/\/pohjolanmatka.fi\/en\/accessibility-statement\/\",\"url\":\"https:\/\/pohjolanmatka.fi\/en\/accessibility-statement\/\",\"name\":\"Accessibility Statement - Pohjolan Matka\",\"isPartOf\":{\"@id\":\"https:\/\/pohjolanmatka.fi\/en\/#website\"},\"datePublished\":\"2025-06-27T06:13:51+00:00\",\"dateModified\":\"2026-03-04T08:12:20+00:00\",\"description\":\"T\u00e4m\u00e4 on pohjolanmatka.fi-palvelun saavutettavuusseloste, joka on luotu 26.6.2025 ja p\u00e4ivitetty viimeksi 27.6.2025. Pyrimme takaamaan palvelun\",\"breadcrumb\":{\"@id\":\"https:\/\/pohjolanmatka.fi\/en\/accessibility-statement\/#breadcrumb\"},\"inLanguage\":\"en-US\",\"potentialAction\":[{\"@type\":\"ReadAction\",\"target\":[\"https:\/\/pohjolanmatka.fi\/en\/accessibility-statement\/\"]}]},{\"@type\":\"BreadcrumbList\",\"@id\":\"https:\/\/pohjolanmatka.fi\/en\/accessibility-statement\/#breadcrumb\",\"itemListElement\":[{\"@type\":\"ListItem\",\"position\":1,\"name\":\"Front page\",\"item\":\"https:\/\/pohjolanmatka.fi\/en\/\"},{\"@type\":\"ListItem\",\"position\":2,\"name\":\"Accessibility Statement\"}]},{\"@type\":\"WebSite\",\"@id\":\"https:\/\/pohjolanmatka.fi\/en\/#website\",\"url\":\"https:\/\/pohjolanmatka.fi\/en\/\",\"name\":\"Pohjolan Matka\",\"description\":\"bussiliikenne, ryhm\u00e4matkat, tilausajo\",\"potentialAction\":[{\"@type\":\"SearchAction\",\"target\":{\"@type\":\"EntryPoint\",\"urlTemplate\":\"https:\/\/pohjolanmatka.fi\/en\/?s={search_term_string}\"},\"query-input\":{\"@type\":\"PropertyValueSpecification\",\"valueRequired\":true,\"valueName\":\"search_term_string\"}}],\"inLanguage\":\"en-US\"}]}<\/script>\n<!-- \/ Yoast SEO plugin. -->","yoast_head_json":{"title":"Accessibility Statement - Pohjolan Matka","description":"T\u00e4m\u00e4 on pohjolanmatka.fi-palvelun saavutettavuusseloste, joka on luotu 26.6.2025 ja p\u00e4ivitetty viimeksi 27.6.2025. Pyrimme takaamaan palvelun","robots":{"index":"index","follow":"follow","max-snippet":"max-snippet:-1","max-image-preview":"max-image-preview:large","max-video-preview":"max-video-preview:-1"},"canonical":"https:\/\/pohjolanmatka.fi\/en\/accessibility-statement\/","og_locale":"en_US","og_type":"article","og_title":"Accessibility Statement - Pohjolan Matka","og_description":"T\u00e4m\u00e4 on pohjolanmatka.fi-palvelun saavutettavuusseloste, joka on luotu 26.6.2025 ja p\u00e4ivitetty viimeksi 27.6.2025. Pyrimme takaamaan palvelun","og_url":"https:\/\/pohjolanmatka.fi\/en\/accessibility-statement\/","og_site_name":"Pohjolan Matka","article_modified_time":"2026-03-04T08:12:20+00:00","og_image":[{"width":1200,"height":675,"url":"https:\/\/pohjolanmatka.fi\/wp-content\/uploads\/2025\/12\/pohjolan-matka-site-image.png","type":"image\/png"}],"twitter_card":"summary_large_image","schema":{"@context":"https:\/\/schema.org","@graph":[{"@type":"WebPage","@id":"https:\/\/pohjolanmatka.fi\/en\/accessibility-statement\/","url":"https:\/\/pohjolanmatka.fi\/en\/accessibility-statement\/","name":"Accessibility Statement - Pohjolan Matka","isPartOf":{"@id":"https:\/\/pohjolanmatka.fi\/en\/#website"},"datePublished":"2025-06-27T06:13:51+00:00","dateModified":"2026-03-04T08:12:20+00:00","description":"T\u00e4m\u00e4 on pohjolanmatka.fi-palvelun saavutettavuusseloste, joka on luotu 26.6.2025 ja p\u00e4ivitetty viimeksi 27.6.2025. Pyrimme takaamaan palvelun","breadcrumb":{"@id":"https:\/\/pohjolanmatka.fi\/en\/accessibility-statement\/#breadcrumb"},"inLanguage":"en-US","potentialAction":[{"@type":"ReadAction","target":["https:\/\/pohjolanmatka.fi\/en\/accessibility-statement\/"]}]},{"@type":"BreadcrumbList","@id":"https:\/\/pohjolanmatka.fi\/en\/accessibility-statement\/#breadcrumb","itemListElement":[{"@type":"ListItem","position":1,"name":"Front page","item":"https:\/\/pohjolanmatka.fi\/en\/"},{"@type":"ListItem","position":2,"name":"Accessibility Statement"}]},{"@type":"WebSite","@id":"https:\/\/pohjolanmatka.fi\/en\/#website","url":"https:\/\/pohjolanmatka.fi\/en\/","name":"Pohjolan Matka","description":"bussiliikenne, ryhm\u00e4matkat, tilausajo","potentialAction":[{"@type":"SearchAction","target":{"@type":"EntryPoint","urlTemplate":"https:\/\/pohjolanmatka.fi\/en\/?s={search_term_string}"},"query-input":{"@type":"PropertyValueSpecification","valueRequired":true,"valueName":"search_term_string"}}],"inLanguage":"en-US"}]}},"_links":{"self":[{"href":"https:\/\/pohjolanmatka.fi\/en\/wp-json\/wp\/v2\/pages\/17321","targetHints":{"allow":["GET"]}}],"collection":[{"href":"https:\/\/pohjolanmatka.fi\/en\/wp-json\/wp\/v2\/pages"}],"about":[{"href":"https:\/\/pohjolanmatka.fi\/en\/wp-json\/wp\/v2\/types\/page"}],"author":[{"embeddable":true,"href":"https:\/\/pohjolanmatka.fi\/en\/wp-json\/wp\/v2\/users\/43"}],"replies":[{"embeddable":true,"href":"https:\/\/pohjolanmatka.fi\/en\/wp-json\/wp\/v2\/comments?post=17321"}],"version-history":[{"count":1,"href":"https:\/\/pohjolanmatka.fi\/en\/wp-json\/wp\/v2\/pages\/17321\/revisions"}],"predecessor-version":[{"id":17324,"href":"https:\/\/pohjolanmatka.fi\/en\/wp-json\/wp\/v2\/pages\/17321\/revisions\/17324"}],"wp:attachment":[{"href":"https:\/\/pohjolanmatka.fi\/en\/wp-json\/wp\/v2\/media?parent=17321"}],"curies":[{"name":"wp","href":"https:\/\/api.w.org\/{rel}","templated":true}]}}